{"id":273,"date":"2023-04-21T11:02:06","date_gmt":"2023-04-21T09:02:06","guid":{"rendered":"https:\/\/muckelchen-worms.de\/?page_id=273"},"modified":"2025-04-29T12:47:56","modified_gmt":"2025-04-29T10:47:56","slug":"beikost","status":"publish","type":"page","link":"https:\/\/muckelchen-mainz.de\/?page_id=273","title":{"rendered":"Beikost"},"content":{"rendered":"\n<p>Ob Breifahrplan, Baby-Led-Weaning oder eine bunte Mischung aus Fingerfood und Brei \u2013 beim Thema Beikost tauchen in den K\u00f6pfen vieler Eltern zahlreiche Fragen auf.<\/p>\n\n\n\n<p>Der &#8222;richtige Weg&#8220; der Beikosteinf\u00fchrung wird oft hei\u00df diskutiert, sei es hinsichtlich des Zeitpunkts oder der Methode. Doch wie so oft gibt es auch in puncto Beikost nicht nur einen richtigen Weg, sondern viele m\u00f6gliche Ans\u00e4tze. Einer davon k\u00f6nnte der passende f\u00fcr dich und deine Familie sein.<\/p>\n\n\n\n<p>Als Fachkraft f\u00fcr babyfreundliche Beikost m\u00f6chte ich dich dabei unterst\u00fctzen, Antworten auf deine Fragen zu finden. Gemeinsam erarbeiten wir L\u00f6sungen, die im Einklang mit dem aktuellen Fachwissen stehen und auf die Bed\u00fcrfnisse deiner Familie abgestimmt sind. Dabei gehen wir undogmatisch und l\u00f6sungsorientiert vor und gestalten eure individuelle Essensreise.<\/p>\n\n\n\n<p>Ich freue mich darauf, euch auf diesem spannenden Weg zu begleiten!<\/p>\n\n\n\n<p><\/p>\n\n\n\n<h1 class=\"wp-block-heading\">Beikostworkshop<\/h1>\n\n\n\n<p>Der \u00dcbergang von Milch zur Beikost ist ein spannender Meilenstein \u2013 und manchmal auch eine echte Herausforderung.\ud83d\udca1 In meinem Workshop erf\u00e4hrst Du, wie Du diesen Schritt ganz entspannt und individuell f\u00fcr Dein Baby gestalten kannst.<\/p>\n\n\n\n<p>\ud83c\udf1f Was Dich erwartet:<\/p>\n\n\n\n<p>\u2705 Alles Wichtige rund um Beikost \u2013 egal ob Brei, Fingerfood oder Baby-Led Weaning (BLW)<\/p>\n\n\n\n<p>\u2705 Tipps f\u00fcr einen sicheren und stressfreien Start<\/p>\n\n\n\n<p>\u2705 Antworten auf Deine Fragen und Unsicherheiten<\/p>\n\n\n\n<p>\u2705 Ein umfassendes Handout mit allen wichtigen Infos<\/p>\n\n\n\n<p>\u2705 Ein praktisches E-Rezeptheft mit leckeren und einfachen Ideen<\/p>\n\n\n\n<p>Der Workshop ist perfekt f\u00fcr Dich, wenn Dein Baby zwischen 3 und 6 Monaten alt ist und Ihr bald mit der Beikost starten m\u00f6chtet. \ud83e\udd44<\/p>\n\n\n\n<p>\ud83d\udc9e Freundinnen-Rabatt: Meldet Euch zu zweit an und spart gemeinsam! Statt 39 \u20ac pro Person zahlt Ihr nur 60 \u20ac f\u00fcr beide.<\/p>\n\n\n\n<p>\ud83d\udc49 Lass uns gemeinsam den Weg zum Familientisch entdecken \u2013 in Deinem Tempo und angepasst an die Bed\u00fcrfnisse Deines Babys.<\/p>\n\n\n\n<p><\/p>\n\n\n\n<p>Hier kannst du dich f\u00fcr einen Workshop anmelden: <a href=\"https:\/\/kikudoo.com\/muckelchen-familienbegleitung-anna-wolf\">https:\/\/kikudoo.com\/muckelchen-familienbegleitung-anna-wolf<\/a> oder per E-Mail an info@muckelchen-mainz.de <\/p>\n\n\n\n<p>Wenn ihr als Gruppe einen individuellen Workshop zu einem gesonderten Termin buchen m\u00f6chtet, schreibt mir einfach eine Nachricht.<\/p>\n\n\n\n<p>Ich freue mich darauf, euch im Workshop zu begr\u00fc\u00dfen!<\/p>\n\n\n\n<p><\/p>\n\n\n\n<p><strong>Kommende Termine:<\/strong><\/p>\n\n\n\n<p>21.01.25   09:30 Uhr im M\u00e4useland in Fl\u00f6rsheim am Main<br>18.03.25   09:30 Uhr im M\u00e4useland in Fl\u00f6rsheim am Main<br>17.06.25   09:30 Uhr im M\u00e4useland in Fl\u00f6rsheim am Main<\/p>\n\n\n\n<h1 class=\"wp-block-heading\">Individuelle Beikostberatung<\/h1>\n\n\n\n<p>Hast du viele Fragen oder m\u00f6chtest einfach ein pers\u00f6nliches Gespr\u00e4ch f\u00fchren? Gern vereinbare ich einen Termin f\u00fcr eine individuelle Beikostberatung mit dir. Schreib mir dazu eine Mail an info@muckelchen-mainz.de <\/p>\n\n\n\n<p><strong>Details zur Beratung:<\/strong><\/p>\n\n\n\n<ul class=\"wp-block-list\">\n<li><strong>Ort:<\/strong> In der Regel findet die Beratung bei dir zu Hause statt.<\/li>\n\n\n\n<li><strong>Dauer:<\/strong> Die Beratung dauert im Schnitt 60-90 Minuten, ganz nach deinen Bed\u00fcrfnissen.<\/li>\n<\/ul>\n\n\n\n<p><strong>Kosten:<\/strong><\/p>\n\n\n\n<ul class=\"wp-block-list\">\n<li><strong>80 \u20ac\/h<\/strong> (Die erste Stunde wird immer voll berechnet, danach erfolgt die Abrechnung im 15-Minuten-Takt: 20\u20ac\/15 Minuten.)<\/li>\n\n\n\n<li><strong>Fahrtkosten:<\/strong> 0,30 \u20ac pro angefangenem Kilometer f\u00fcr Hin- und R\u00fcckweg, basierend auf der schnellsten Route laut Google Maps.<\/li>\n<\/ul>\n\n\n\n<p><strong>Zus\u00e4tzliche Informationen:<\/strong><\/p>\n\n\n\n<p>Die angegebenen Preise gelten pro Einzelperson bzw. Elternpaar. Preise f\u00fcr Gruppen auf Anfrage.<\/p>\n\n\n\n<p>Ich freue mich darauf, dich bei deiner Beikosteinf\u00fchrung zu unterst\u00fctzen!<\/p>\n","protected":false},"excerpt":{"rendered":"<p>Ob Breifahrplan, Baby-Led-Weaning oder eine bunte Mischung aus Fingerfood und Brei \u2013 beim Thema Beikost tauchen in den K\u00f6pfen vieler Eltern zahlreiche Fragen auf. Der &#8222;richtige Weg&#8220; der Beikosteinf\u00fchrung wird oft hei\u00df diskutiert, sei es hinsichtlich des Zeitpunkts oder der Methode. Doch wie so oft gibt es auch in puncto Beikost nicht nur einen richtigen [&hellip;]<\/p>\n","protected":false},"author":2,"featured_media":0,"parent":0,"menu_order":0,"comment_status":"closed","ping_status":"closed","template":"","meta":{"footnotes":""},"class_list":["post-273","page","type-page","status-publish","hentry"],"yoast_head":"<!-- This site is optimized with the Yoast SEO plugin v27.5 - https:\/\/yoast.com\/product\/yoast-seo-wordpress\/ -->\n<title>Beikost - Muckelchen - Familienbegleitung Anna Wolf - Trageberatung, Stillberatung, Beikost<\/title>\n<meta name=\"robots\" content=\"index, follow, max-snippet:-1, max-image-preview:large, max-video-preview:-1\" \/>\n<link rel=\"canonical\" href=\"https:\/\/muckelchen-mainz.de\/?page_id=273\" \/>\n<meta property=\"og:locale\" content=\"de_DE\" \/>\n<meta property=\"og:type\" content=\"article\" \/>\n<meta property=\"og:title\" content=\"Beikost - Muckelchen - Familienbegleitung Anna Wolf - Trageberatung, Stillberatung, Beikost\" \/>\n<meta property=\"og:description\" content=\"Ob Breifahrplan, Baby-Led-Weaning oder eine bunte Mischung aus Fingerfood und Brei \u2013 beim Thema Beikost tauchen in den K\u00f6pfen vieler Eltern zahlreiche Fragen auf. Der &#8222;richtige Weg&#8220; der Beikosteinf\u00fchrung wird oft hei\u00df diskutiert, sei es hinsichtlich des Zeitpunkts oder der Methode. Doch wie so oft gibt es auch in puncto Beikost nicht nur einen richtigen [&hellip;]\" \/>\n<meta property=\"og:url\" content=\"https:\/\/muckelchen-mainz.de\/?page_id=273\" \/>\n<meta property=\"og:site_name\" content=\"Muckelchen - Familienbegleitung Anna Wolf - Trageberatung, Stillberatung, Beikost\" \/>\n<meta property=\"article:publisher\" content=\"https:\/\/www.facebook.com\/muckelchen.familienbegleitung\/\" \/>\n<meta property=\"article:modified_time\" content=\"2025-04-29T10:47:56+00:00\" \/>\n<meta property=\"og:image\" content=\"https:\/\/muckelchen-mainz.de\/wp-content\/uploads\/2025\/02\/9-1-e1741950541168.png\" \/>\n\t<meta property=\"og:image:width\" content=\"445\" \/>\n\t<meta property=\"og:image:height\" content=\"201\" \/>\n\t<meta property=\"og:image:type\" content=\"image\/png\" \/>\n<meta name=\"twitter:card\" content=\"summary_large_image\" \/>\n<meta name=\"twitter:label1\" content=\"Gesch\u00e4tzte Lesezeit\" \/>\n\t<meta name=\"twitter:data1\" content=\"3\u00a0Minuten\" \/>\n<script type=\"application\/ld+json\" class=\"yoast-schema-graph\">{\"@context\":\"https:\\\/\\\/schema.org\",\"@graph\":[{\"@type\":\"WebPage\",\"@id\":\"https:\\\/\\\/muckelchen-mainz.de\\\/?page_id=273\",\"url\":\"https:\\\/\\\/muckelchen-mainz.de\\\/?page_id=273\",\"name\":\"Beikost - Muckelchen - Familienbegleitung Anna Wolf - Trageberatung, Stillberatung, Beikost\",\"isPartOf\":{\"@id\":\"https:\\\/\\\/muckelchen-mainz.de\\\/#website\"},\"datePublished\":\"2023-04-21T09:02:06+00:00\",\"dateModified\":\"2025-04-29T10:47:56+00:00\",\"breadcrumb\":{\"@id\":\"https:\\\/\\\/muckelchen-mainz.de\\\/?page_id=273#breadcrumb\"},\"inLanguage\":\"de\",\"potentialAction\":[{\"@type\":\"ReadAction\",\"target\":[\"https:\\\/\\\/muckelchen-mainz.de\\\/?page_id=273\"]}]},{\"@type\":\"BreadcrumbList\",\"@id\":\"https:\\\/\\\/muckelchen-mainz.de\\\/?page_id=273#breadcrumb\",\"itemListElement\":[{\"@type\":\"ListItem\",\"position\":1,\"name\":\"Startseite\",\"item\":\"https:\\\/\\\/muckelchen-mainz.de\\\/\"},{\"@type\":\"ListItem\",\"position\":2,\"name\":\"Beikost\"}]},{\"@type\":\"WebSite\",\"@id\":\"https:\\\/\\\/muckelchen-mainz.de\\\/#website\",\"url\":\"https:\\\/\\\/muckelchen-mainz.de\\\/\",\"name\":\"Muckelchen - Familienbegleitung Anna Wolf - Trageberatung, Stillberatung, Beikost\",\"description\":\"Stillen - Beikost - Tragen in Mainz und Umgebung\",\"publisher\":{\"@id\":\"https:\\\/\\\/muckelchen-mainz.de\\\/#\\\/schema\\\/person\\\/bb8e784fe848d978f73633c47a2bebc3\"},\"potentialAction\":[{\"@type\":\"SearchAction\",\"target\":{\"@type\":\"EntryPoint\",\"urlTemplate\":\"https:\\\/\\\/muckelchen-mainz.de\\\/?s={search_term_string}\"},\"query-input\":{\"@type\":\"PropertyValueSpecification\",\"valueRequired\":true,\"valueName\":\"search_term_string\"}}],\"inLanguage\":\"de\"},{\"@type\":[\"Person\",\"Organization\"],\"@id\":\"https:\\\/\\\/muckelchen-mainz.de\\\/#\\\/schema\\\/person\\\/bb8e784fe848d978f73633c47a2bebc3\",\"name\":\"Anna Wolf\",\"image\":{\"@type\":\"ImageObject\",\"inLanguage\":\"de\",\"@id\":\"https:\\\/\\\/muckelchen-mainz.de\\\/wp-content\\\/uploads\\\/2025\\\/02\\\/9-1-e1741950541168.png\",\"url\":\"https:\\\/\\\/muckelchen-mainz.de\\\/wp-content\\\/uploads\\\/2025\\\/02\\\/9-1-e1741950541168.png\",\"contentUrl\":\"https:\\\/\\\/muckelchen-mainz.de\\\/wp-content\\\/uploads\\\/2025\\\/02\\\/9-1-e1741950541168.png\",\"width\":445,\"height\":201,\"caption\":\"Anna Wolf\"},\"logo\":{\"@id\":\"https:\\\/\\\/muckelchen-mainz.de\\\/wp-content\\\/uploads\\\/2025\\\/02\\\/9-1-e1741950541168.png\"},\"sameAs\":[\"https:\\\/\\\/muckelchen-mainz.de\",\"https:\\\/\\\/www.facebook.com\\\/muckelchen.familienbegleitung\\\/\",\"https:\\\/\\\/www.instagram.com\\\/muckelchen.familienbegleitung\\\/?hl=de\"]}]}<\/script>\n<!-- \/ Yoast SEO plugin. -->","yoast_head_json":{"title":"Beikost - Muckelchen - Familienbegleitung Anna Wolf - Trageberatung, Stillberatung, Beikost","robots":{"index":"index","follow":"follow","max-snippet":"max-snippet:-1","max-image-preview":"max-image-preview:large","max-video-preview":"max-video-preview:-1"},"canonical":"https:\/\/muckelchen-mainz.de\/?page_id=273","og_locale":"de_DE","og_type":"article","og_title":"Beikost - Muckelchen - Familienbegleitung Anna Wolf - Trageberatung, Stillberatung, Beikost","og_description":"Ob Breifahrplan, Baby-Led-Weaning oder eine bunte Mischung aus Fingerfood und Brei \u2013 beim Thema Beikost tauchen in den K\u00f6pfen vieler Eltern zahlreiche Fragen auf. Der &#8222;richtige Weg&#8220; der Beikosteinf\u00fchrung wird oft hei\u00df diskutiert, sei es hinsichtlich des Zeitpunkts oder der Methode. Doch wie so oft gibt es auch in puncto Beikost nicht nur einen richtigen [&hellip;]","og_url":"https:\/\/muckelchen-mainz.de\/?page_id=273","og_site_name":"Muckelchen - Familienbegleitung Anna Wolf - Trageberatung, Stillberatung, Beikost","article_publisher":"https:\/\/www.facebook.com\/muckelchen.familienbegleitung\/","article_modified_time":"2025-04-29T10:47:56+00:00","og_image":[{"width":445,"height":201,"url":"https:\/\/muckelchen-mainz.de\/wp-content\/uploads\/2025\/02\/9-1-e1741950541168.png","type":"image\/png"}],"twitter_card":"summary_large_image","twitter_misc":{"Gesch\u00e4tzte Lesezeit":"3\u00a0Minuten"},"schema":{"@context":"https:\/\/schema.org","@graph":[{"@type":"WebPage","@id":"https:\/\/muckelchen-mainz.de\/?page_id=273","url":"https:\/\/muckelchen-mainz.de\/?page_id=273","name":"Beikost - Muckelchen - Familienbegleitung Anna Wolf - Trageberatung, Stillberatung, Beikost","isPartOf":{"@id":"https:\/\/muckelchen-mainz.de\/#website"},"datePublished":"2023-04-21T09:02:06+00:00","dateModified":"2025-04-29T10:47:56+00:00","breadcrumb":{"@id":"https:\/\/muckelchen-mainz.de\/?page_id=273#breadcrumb"},"inLanguage":"de","potentialAction":[{"@type":"ReadAction","target":["https:\/\/muckelchen-mainz.de\/?page_id=273"]}]},{"@type":"BreadcrumbList","@id":"https:\/\/muckelchen-mainz.de\/?page_id=273#breadcrumb","itemListElement":[{"@type":"ListItem","position":1,"name":"Startseite","item":"https:\/\/muckelchen-mainz.de\/"},{"@type":"ListItem","position":2,"name":"Beikost"}]},{"@type":"WebSite","@id":"https:\/\/muckelchen-mainz.de\/#website","url":"https:\/\/muckelchen-mainz.de\/","name":"Muckelchen - Familienbegleitung Anna Wolf - Trageberatung, Stillberatung, Beikost","description":"Stillen - Beikost - Tragen in Mainz und Umgebung","publisher":{"@id":"https:\/\/muckelchen-mainz.de\/#\/schema\/person\/bb8e784fe848d978f73633c47a2bebc3"},"potentialAction":[{"@type":"SearchAction","target":{"@type":"EntryPoint","urlTemplate":"https:\/\/muckelchen-mainz.de\/?s={search_term_string}"},"query-input":{"@type":"PropertyValueSpecification","valueRequired":true,"valueName":"search_term_string"}}],"inLanguage":"de"},{"@type":["Person","Organization"],"@id":"https:\/\/muckelchen-mainz.de\/#\/schema\/person\/bb8e784fe848d978f73633c47a2bebc3","name":"Anna Wolf","image":{"@type":"ImageObject","inLanguage":"de","@id":"https:\/\/muckelchen-mainz.de\/wp-content\/uploads\/2025\/02\/9-1-e1741950541168.png","url":"https:\/\/muckelchen-mainz.de\/wp-content\/uploads\/2025\/02\/9-1-e1741950541168.png","contentUrl":"https:\/\/muckelchen-mainz.de\/wp-content\/uploads\/2025\/02\/9-1-e1741950541168.png","width":445,"height":201,"caption":"Anna Wolf"},"logo":{"@id":"https:\/\/muckelchen-mainz.de\/wp-content\/uploads\/2025\/02\/9-1-e1741950541168.png"},"sameAs":["https:\/\/muckelchen-mainz.de","https:\/\/www.facebook.com\/muckelchen.familienbegleitung\/","https:\/\/www.instagram.com\/muckelchen.familienbegleitung\/?hl=de"]}]}},"_links":{"self":[{"href":"https:\/\/muckelchen-mainz.de\/index.php?rest_route=\/wp\/v2\/pages\/273","targetHints":{"allow":["GET"]}}],"collection":[{"href":"https:\/\/muckelchen-mainz.de\/index.php?rest_route=\/wp\/v2\/pages"}],"about":[{"href":"https:\/\/muckelchen-mainz.de\/index.php?rest_route=\/wp\/v2\/types\/page"}],"author":[{"embeddable":true,"href":"https:\/\/muckelchen-mainz.de\/index.php?rest_route=\/wp\/v2\/users\/2"}],"replies":[{"embeddable":true,"href":"https:\/\/muckelchen-mainz.de\/index.php?rest_route=%2Fwp%2Fv2%2Fcomments&post=273"}],"version-history":[{"count":7,"href":"https:\/\/muckelchen-mainz.de\/index.php?rest_route=\/wp\/v2\/pages\/273\/revisions"}],"predecessor-version":[{"id":2365,"href":"https:\/\/muckelchen-mainz.de\/index.php?rest_route=\/wp\/v2\/pages\/273\/revisions\/2365"}],"wp:attachment":[{"href":"https:\/\/muckelchen-mainz.de\/index.php?rest_route=%2Fwp%2Fv2%2Fmedia&parent=273"}],"curies":[{"name":"wp","href":"https:\/\/api.w.org\/{rel}","templated":true}]}}