{"id":28,"date":"2023-02-03T12:04:13","date_gmt":"2023-02-03T11:04:13","guid":{"rendered":"https:\/\/muckelchen-worms.de\/?page_id=28"},"modified":"2025-04-02T09:54:32","modified_gmt":"2025-04-02T07:54:32","slug":"allgemeine-geschaeftsbedingungen-agb","status":"publish","type":"page","link":"https:\/\/muckelchen-mainz.de\/?page_id=28","title":{"rendered":"AGB"},"content":{"rendered":"\t\t<div data-elementor-type=\"wp-page\" data-elementor-id=\"28\" class=\"elementor elementor-28\" data-elementor-post-type=\"page\">\n\t\t\t\t<div class=\"elementor-element elementor-element-1bd2936b e-flex e-con-boxed e-con e-parent\" data-id=\"1bd2936b\" data-element_type=\"container\" data-e-type=\"container\">\n\t\t\t\t\t<div class=\"e-con-inner\">\n\t\t\t\t<div class=\"elementor-element elementor-element-19e9f2e6 elementor-widget elementor-widget-text-editor\" data-id=\"19e9f2e6\" data-element_type=\"widget\" data-e-type=\"widget\" data-widget_type=\"text-editor.default\">\n\t\t\t\t<div class=\"elementor-widget-container\">\n\t\t\t\t\t\t\t\t\t\n<div class=\"wp-block-group is-layout-constrained wp-block-group-is-layout-constrained\">\n<div><strong>AGB<br \/><\/strong><\/div>\n<div>(1) Die vorliegenden Allgemeinen Gesch\u00e4ftsbedingungen (nachfolgend \u201eAGB\u201c) gelten ausschlie\u00dflich gegen\u00fcber Verbrauchern im Sinne des \u00a7 13 BGB (d. h. nat\u00fcrlichen Personen, die ein Rechtsgesch\u00e4ft zu einem Zweck abschlie\u00dfen, der weder ihrer gewerblichen noch ihrer selbst\u00e4ndigen beruflichen T\u00e4tigkeit zugerechnet werden kann).<br \/><br \/><\/div>\n<div>(2) Verwender der vorliegenden AGB ist das<br \/><br \/><\/div>\n<div>Muckelchen &#8211; Familienbegleitung Anna Wolf<br \/>Pfarrer-Bensheimer-Str. 18a<br \/>55129 Mainz<br \/><br \/><\/div>\n<div>Inhaber: Anna Marie Wolf<br \/><br \/><\/div>\n<div>Tel.: (+49) &#8211; (0)15141257239<br \/>E-Mail: info@muckelchen-mainz.de<br \/><br \/><\/div>\n<div>(3) Die vorliegenden AGB gelten f\u00fcr alle schriftlichen und m\u00fcndlichen Vereinbarungen zwischen Kunden, die Verbraucher sind (nachfolgend \u201eKunde\u201c), und Muckelchen &#8211; Familienbegleitung Anna Wolf und umfassen alle Arten von Vertr\u00e4gen aus dem Dienstleistungsangebot von Muckelchen &#8211; Familienbegleitung Anna Wolf wie z. B. Einzel- und Gruppenberatungen, Vortr\u00e4ge, Workshops etc. (nachfolgend \u201eVeranstaltungen\u201c).<br \/><br \/><\/div>\n<div>(4) Vertr\u00e4ge, die Kunden mit externen Kooperationspartnern von Muckelchen &#8211; Familienbegleitung Anna Wolf abschlie\u00dfen, werden von diesen AGB nicht erfasst.<br \/><br \/><\/div>\n<div>(5) Auf reine Kaufvertr\u00e4ge \u00fcber Produkte, die Muckelchen &#8211; Familienbegleitung Anna Wolf erg\u00e4nzend zu seinen Dienstleistungen anbietet, finden die gesetzlichen Bestimmungen Anwendung.<br \/><br \/><\/div>\n<div>(6) Soweit in diesen AGB nicht geregelt, ergeben sich die Einzelheiten der Vertragsbedingungen (Veranstaltungsbeginn, -ort und -dauer, Preise etc.) aus der Leistungsbeschreibung auf der Homepage von Muckelchen &#8211; Familienbegleitung Anna Wolf unter \u201ewww.muckelchen-worms.de\u201c sowie aus der konkreten Buchungsbest\u00e4tigung, welche der Kunde per E-Mail nach der Anmeldung und vor Beginn der gebuchten Veranstaltung erh\u00e4lt.<br \/><br \/><\/div>\n<div>(7) Im Einzelfall getroffene individuelle Absprachen oder Vereinbarungen mit dem Kunden (Nebenabreden, Erg\u00e4nzungen oder \u00c4nderungen) haben stets Vorrang vor den AGB.<br \/><br \/><\/div>\n<div><strong>\u00a7 2 Vertragsschluss<br \/><\/strong><\/div>\n<div>(1) Angebote auf der Homepage von Muckelchen &#8211; Familienbegleitung Anna Wolf oder in sonstigen \u00f6ffentlichen Verlautbarungen von Muckelchen &#8211; Familienbegleitung Anna Wolf (z. B. Werbebrosch\u00fcren) stellen kein verbindliches Angebot i.S.v. \u00a7 145 BGB dar, sondern sind lediglich eine Einladung an den Kunden, seinerseits ein Angebot zum Vertragsschluss in Form einer konkreten Buchung (= Anmeldung zu einer Veranstaltung) abzugeben.<br \/><br \/><\/div>\n<div>(2) Kunden k\u00f6nnen den Erstkontakt mit Muckelchen &#8211; Familienbegleitung Anna Wolf telefonisch oder per Mail an info@muckelchen-mainz.de herstellen. Anmeldungen f\u00fcr Veranstaltungen erfolgen stets per Mail an info@muckelchen-worms.de oder via Kikudoo und stellen ein verbindliches Angebot des Kunden zum Vertragsschluss an Muckelchen &#8211; Familienbegleitung Anna Wolf ab.<br \/><br \/><\/div>\n<div>(3) Bei der Anmeldung werden Kunden gebeten, ihren Namen, ihre Adresse, ihre Telefonnummer (insb. f\u00fcr R\u00fcckfragen oder kurzfristige Absagen) sowie eine E-Mail-Adresse anzugeben.<br \/><br \/><\/div>\n<div>(4) Die verbindliche Annahme des Angebots durch Muckelchen &#8211; Familienbegleitung Anna Wolf erfolgt durch die anschlie\u00dfende Versendung einer Buchungs- und Terminbest\u00e4tigung an die vom Kunden angegebene E-Mail-Adresse.<br \/><br \/><\/div>\n<div>(5) Der Buchungsbest\u00e4tigung sind die vorliegenden AGB, die im \u00dcbrigen auch auf der Homepage von Muckelchen &#8211; Familienbegleitung Anna Wolf jederzeit zum Abruf bereitstehen, beigef\u00fcgt. Diese werden mit der Angebotsannahme Bestandteil des Einzelvertrags zwischen dem Kunden und Muckelchen &#8211; Familienbegleitung Anna Wolf.<br \/><br \/><\/div>\n<div>(6) Vertragsgegenstand sind die im Rahmen der Buchung vom Kunden ausgew\u00e4hlten und in der Buchungsbest\u00e4tigung genannten Dienstleistungen zu den dort genannten Endpreisen und Bedingungen.<br \/><br \/><\/div>\n<div>(7) Muckelchen &#8211; Familienbegleitung Anna Wolf beh\u00e4lt sich notwendige inhaltliche, methodische oder organisatorische \u00c4nderungen im Veranstaltungsprogramm vor, soweit hierdurch der Nutzen der angek\u00fcndigten Veranstaltung f\u00fcr den Kunden nicht wesentlich ge\u00e4ndert wird.<br \/><br \/><strong>\u00a7 3 Zahlungsbedingungen<br \/><\/strong><\/div>\n<div>(1) Die vereinbarten Geb\u00fchren f\u00fcr die vom Kunden gebuchte Dienstleistung ist, soweit nicht anders vereinbart, sofort nach Leistungserf\u00fcllung am Veranstaltungsort in bar, per Kartenzahlung oder per \u00dcberweisung zu begleichen. Bei der Buchung von Workshops, Vortr\u00e4gen oder Kursen wird der Rechnungsbetrag mit Zusendung der Buchungsbest\u00e4tigung f\u00e4llig.<br \/><br \/><\/div>\n<div>(2) Alle auf der Homepage Muckelchen &#8211; Familienbegleitung Anna Wolf und in der Buchungsbest\u00e4tigung genannten Preise sind Endpreise.<br \/><br \/><strong>\u00a7 4 Stornierung \/ Absage<br \/><\/strong><\/div>\n<div>(1) Wenn der Kunde eine verbindlich gebuchte Veranstaltung aus Gr\u00fcnden, die von Muckelchen &#8211; Familienbegleitung Anna Wolf nicht zu vertreten sind, storniert oder ohne Absage nicht zur gebuchten Veranstaltung erscheint, gilt Folgendes:<br \/><br \/><\/div>\n<ul>\n<li>Bei einer Stornierung einer Beratung bis mindestens 48 Stunden vor dem vereinbarten Beginn der Veranstaltung fallen keine Kosten f\u00fcr den Kunden an.<\/li>\n<li>Erfolgt die Stornierung des Kunden weniger als 48 Stunden vor Veranstaltungsbeginn oder erscheint der Kunde ohne Absage oder nicht zum vereinbarten Termin, wird der volle Stundensatz f\u00fcr die erste Beratungsstunde f\u00e4llig. Zus\u00e4tzlich ist Muckelchen &#8211; Familienbegleitung Anna Wolf berechtigt, dem Kunden weitere bereits entstandene Kosten in Rechnung zu stellen (z. B. Fahrtkosten von Beratern, die bereits zum Veranstaltungsort aufgebrochen sind).<\/li>\n<li>Bei einer Stornierung eines Vortrags, eines Workshops oder eines Kurses bis mindestens 1 Woche vor dem vereinbarten Beginn der Veranstaltung fallen keine Kosten f\u00fcr den Kunden an.<\/li>\n<li>Erfolgt die Stornierung des Kunden ohne Absage oder nicht zum vereinbarten Termin, werden die vollen Geb\u00fchren f\u00e4llig. Zus\u00e4tzlich ist Muckelchen &#8211; Familienbegleitung Anna Wolf berechtigt, dem Kunden weitere bereits entstandene Kosten in Rechnung zu stellen (z. B. Fahrtkosten von Beratern, die bereits zum Veranstaltungsort aufgebrochen sind).<\/li>\n<\/ul>\n<div>\u00a0<\/div>\n<div>(2) Dem Kunden bleibt der Nachweis gestattet, dass Muckelchen &#8211; Familienbegleitung Anna Wolf ein Stornierungsschaden \u00fcberhaupt nicht oder in wesentlich geringerem Umfang als der in Rechnung gestellte Betrag entstanden ist.<br \/><br \/><\/div>\n<div>(3) Falls ein Kunde nach erfolgter Buchung kurzfristig an der pers\u00f6nlichen Teilnahme an einer Veranstaltung verhindert ist, gilt Folgendes:<br \/><br \/><\/div>\n<ul>\n<li>Bei allen Workshops, Vortr\u00e4gen und Gruppenangeboten ist der Kunde berechtigt, nach vorheriger Abstimmung mit Muckelchen &#8211; Familienbegleitung Anna Wolf stattdessen einen Vertreter bzw. eine Ersatzperson zu benennen. Zus\u00e4tzliche Kosten entstehen dem Kunden hierbei nicht.<\/li>\n<li>Bei allen anderen Veranstaltungen ist die Benennung einer Ersatzperson aus konzeptionellen Gr\u00fcnden nicht m\u00f6glich. In diesem Fall gelten die Stornierungsbedingungen gem\u00e4\u00df \u00a7 4 Absatz 1 der AGB.<\/li>\n<\/ul>\n<div><br \/>(4) Es wird darauf hingewiesen, dass bei den Veranstaltungen von Muckelchen &#8211; Familienbegleitung Anna Wolf nach einem verbindlichen Vertragsschluss gem. \u00a7 312g Abs. 2 Nr. 9 BGB kein 14-t\u00e4giges Widerrufsrecht des Kunden besteht, da die vertraglichen Dienstleistungen von Muckelchen &#8211; Familienbegleitung Anna Wolf stets in spezifischen Terminen oder Zeitr\u00e4umen erbracht werden und nicht auf eine berufliche Weiterbildung des Kunden ausgerichtet, sondern dem Freizeitbereich zuzuordnen sind.<br \/><br \/><\/div>\n<div>(5) Versp\u00e4tet sich der Kunde zum vereinbarten Termin, hat dies keine Auswirkungen auf die vereinbarte Geb\u00fchr und den vereinbarten Endzeitpunkt der Veranstaltung. Bei stundenweiser Verg\u00fctung gilt die urspr\u00fcnglich vereinbarte Anfangszeit der Veranstaltung als Beginn des Berechnungszeitraums.<br \/><br \/><\/div>\n<div>(6) Muckelchen &#8211; Familienbegleitung Anna Wolf beh\u00e4lt sich vor, Veranstaltungen aus zwingenden Gr\u00fcnden (z. B. bei kurzfristiger Erkrankung eines Beraters, h\u00f6herer Gewalt etc.) abzusagen. Bei einer Absage wegen zu geringer Teilnehmerzahl wird Muckelchen &#8211; Familienbegleitung Anna Wolf den Kunden hiervon mindestens 3 Tage vor Veranstaltungsbeginn informieren. Soweit der Kunde zum Zeitpunkt der Absage bereits Zahlungen an Muckelchen &#8211; Familienbegleitung Anna Wolf geleistet hat, werden ihm diese umgehend zur\u00fcckerstattet.<br \/><br \/><\/div>\n<div>(7) Weitergehende Haftungs- und Schadenersatzanspr\u00fcche, die nicht die Verletzung von Leben, K\u00f6rper oder Gesundheit betreffen, sind bei Absagen von Veranstaltungen durch Muckelchen &#8211; Familienbegleitung Anna Wolf ausgeschlossen, soweit auf Seiten von Muckelchen &#8211; Familienbegleitung Anna Wolf kein Vorsatz oder grobe Fahrl\u00e4ssigkeit vorliegt. Dies gilt auch f\u00fcr eventuelle vom Kunden bereits anderweitig geleistete Zahlungen an Dritte (z. B. Hotelzimmer, Bahntickets, Benzinkosten etc.), welche von Muckelchen &#8211; Familienbegleitung Anna Wolf ebenfalls nicht erstattet werden.<br \/><br \/><\/div>\n<div>(8) Die gesetzlichen Bestimmungen zur au\u00dferordentlichen K\u00fcndigung bleiben unber\u00fchrt.<br \/><br \/><\/div>\n<div><strong>\u00a7 5 Haftung \/ Hinweispflicht<br \/><\/strong><\/div>\n<div>(1) Muckelchen &#8211; Familienbegleitung Anna Wolf (einschlie\u00dflich seiner gesetzlichen Vertreter und Erf\u00fcllungsgehilfen) haftet \u2013 gleich aus welchem Rechtsgrund \u2013 nur f\u00fcr Sch\u00e4den des Kunden, die von Muckelchen &#8211; Familienbegleitung Anna Wolf durch eine schuldhafte Verletzung von Kardinalpflichten oder wesentlichen Nebenpflichten in einer das Erreichen des Vertragszwecks gef\u00e4hrdenden Weise verursacht worden sind, oder die auf Vorsatz oder grober Fahrl\u00e4ssigkeit seitens Muckelchen &#8211; Familienbegleitung Anna Wolf beruhen. Kardinalpflichten sind solche Vertragspflichten, deren Erf\u00fcllung die ordnungsgem\u00e4\u00dfe Durchf\u00fchrung des Vertrags erst erm\u00f6glicht und auf deren Einhaltung der Kunde regelm\u00e4\u00dfig vertrauen darf.<br \/><br \/><\/div>\n<div>(2) Haftet Muckelchen &#8211; Familienbegleitung Anna Wolf gem\u00e4\u00df dem vorgehenden Absatz f\u00fcr die Verletzung einer wesentlichen Vertragspflicht, ohne dass grobe Fahrl\u00e4ssigkeit oder Vorsatz vorliegen, ist die Haftung auf die bei Vertragsschluss vorhersehbaren und vertragstypischen Sch\u00e4den beschr\u00e4nkt. Die Haftung f\u00fcr Folgesch\u00e4den, insbesondere auf entgangenen Gewinn oder auf Ersatz von Sch\u00e4den Dritter, wird ausgeschlossen, es sei denn, diese sind auf Vorsatz oder grobe Fahrl\u00e4ssigkeit von Muckelchen &#8211; Familienbegleitung Anna Wolf zur\u00fcckzuf\u00fchren.<br \/><br \/><\/div>\n<div>(3) Schadenersatzanspr\u00fcche f\u00fcr Sch\u00e4den aus der Verletzung des Lebens, des K\u00f6rpers oder der Gesundheit bleiben durch die vorstehenden Haftungsbeschr\u00e4nkungen unber\u00fchrt.<br \/><br \/><\/div>\n<div>(4) Der Kunde ist f\u00fcr die sp\u00e4tere Anwendung des in den Veranstaltungen Erlernten selbst verantwortlich. F\u00fcr die Erreichung der vom Kunden subjektiv angestrebten Ziele sowie f\u00fcr etwaige Folgesch\u00e4den, welche aus fehlerhaft oder unvollst\u00e4ndig angewandten Lerninhalten entstehen, \u00fcbernimmt Muckelchen &#8211; Familienbegleitung Anna Wolf keine Haftung.<br \/><br \/><\/div>\n<div>(5) Muckelchen &#8211; Familienbegleitung Anna Wolf gibt in Bezug auf seine Dienstleistungen gegen\u00fcber dem Kunden grunds\u00e4tzlich keinerlei Garantien im Rechtssinne ab.<br \/><br \/><\/div>\n<div>(6) Der Kunde ist verpflichtet, Muckelchen &#8211; Familienbegleitung Anna Wolf rechtzeitig auf gesundheitliche Einschr\u00e4nkungen und Diagnosen hinzuweisen, welche die Durchf\u00fchrung einer Veranstaltung oder deren Lernziele beeintr\u00e4chtigen, erschweren oder verhindern k\u00f6nnten, oder die zu einer Sch\u00e4digung des Kunden oder von dritten Personen f\u00fchren k\u00f6nnten. Es wird zudem ausdr\u00fccklich darauf hingewiesen, dass die in den Veranstaltungen von Muckelchen &#8211; Familienbegleitung Anna Wolf angebotenen Leistungen und vermittelten Lerninhalte kein Ersatz f\u00fcr medizinisch oder therapeutisch gebotene Behandlungen sind.<br \/><br \/><\/div>\n<div>(7) Die An- und Abreise der Kunden zum Veranstaltungsort erfolgt auf eigene Gefahr.<br \/><br \/><\/div>\n<div><strong>\u00a7 6 Sonstige Bestimmungen<br \/><\/strong><\/div>\n<div>(1) Die AGB und die zwischen dem Kunden und Muckelchen &#8211; Familienbegleitung Anna Wolf geschlossenen Einzelvertr\u00e4ge unterliegen dem Recht der Bundesrepublik Deutschland. Bei Kunden, die ihren Wohnsitz au\u00dferhalb Deutschlands haben, bleibt die Anwendung zwingender Verbraucherschutzvorschriften und Eingriffsnormen ihres Heimatstaates unber\u00fchrt.<br \/><br \/><\/div>\n<div>(2) Die von Muckelchen &#8211; Familienbegleitung Anna Wolf bereitgestellten Materialien unterliegen dem Urheberrecht und werden den Kunden ausschlie\u00dflich zu deren eigenen Gebrauch zu nicht-gewerblichen Zwecken \u00fcberlassen. Weitere Nutzungsrechte werden an den Kunden nicht \u00fcbertragen.<br \/><br \/><\/div>\n<div>(3) Ton- oder Videomitschnitte sind bei Veranstaltungen ohne vorherige schriftliche Erlaubnis von Muckelchen &#8211; Familienbegleitung Anna Wolf nicht gestattet.<br \/><br \/>Stand: 02.04.2025<\/div>\n<\/div>\n\t\t\t\t\t\t\t\t<\/div>\n\t\t\t\t<\/div>\n\t\t\t\t\t<\/div>\n\t\t\t\t<\/div>\n\t\t\t\t<\/div>\n\t\t","protected":false},"excerpt":{"rendered":"<p>AGB (1) Die vorliegenden Allgemeinen Gesch\u00e4ftsbedingungen (nachfolgend \u201eAGB\u201c) gelten ausschlie\u00dflich gegen\u00fcber Verbrauchern im Sinne des \u00a7 13 BGB (d. h. nat\u00fcrlichen Personen, die ein Rechtsgesch\u00e4ft zu einem Zweck abschlie\u00dfen, der weder ihrer gewerblichen noch ihrer selbst\u00e4ndigen beruflichen T\u00e4tigkeit zugerechnet werden kann). (2) Verwender der vorliegenden AGB ist das Muckelchen &#8211; Familienbegleitung Anna WolfPfarrer-Bensheimer-Str. 18a55129 Mainz [&hellip;]<\/p>\n","protected":false},"author":2,"featured_media":0,"parent":0,"menu_order":0,"comment_status":"closed","ping_status":"closed","template":"","meta":{"footnotes":""},"class_list":["post-28","page","type-page","status-publish","hentry"],"yoast_head":"<!-- This site is optimized with the Yoast SEO plugin v27.4 - https:\/\/yoast.com\/product\/yoast-seo-wordpress\/ -->\n<title>AGB - Muckelchen - Familienbegleitung Anna Wolf - Trageberatung, Stillberatung, Beikost<\/title>\n<meta name=\"description\" content=\"Allgemeinen Gesch\u00e4ftsbedingungen (AGB)\" \/>\n<meta name=\"robots\" content=\"index, nofollow, max-snippet:-1, max-image-preview:large, max-video-preview:-1\" \/>\n<link rel=\"canonical\" href=\"https:\/\/muckelchen-mainz.de\/?page_id=28\" \/>\n<meta property=\"og:locale\" content=\"de_DE\" \/>\n<meta property=\"og:type\" content=\"article\" \/>\n<meta property=\"og:title\" content=\"AGB - Muckelchen - Familienbegleitung Anna Wolf - Trageberatung, Stillberatung, Beikost\" \/>\n<meta property=\"og:description\" content=\"Allgemeinen Gesch\u00e4ftsbedingungen (AGB)\" \/>\n<meta property=\"og:url\" content=\"https:\/\/muckelchen-mainz.de\/?page_id=28\" \/>\n<meta property=\"og:site_name\" content=\"Muckelchen - Familienbegleitung Anna Wolf - Trageberatung, Stillberatung, Beikost\" \/>\n<meta property=\"article:publisher\" content=\"https:\/\/www.facebook.com\/muckelchen.familienbegleitung\/\" \/>\n<meta property=\"article:modified_time\" content=\"2025-04-02T07:54:32+00:00\" \/>\n<meta property=\"og:image\" content=\"https:\/\/muckelchen-mainz.de\/wp-content\/uploads\/2025\/02\/9-1-e1741950541168.png\" \/>\n\t<meta property=\"og:image:width\" content=\"445\" \/>\n\t<meta property=\"og:image:height\" content=\"201\" \/>\n\t<meta property=\"og:image:type\" content=\"image\/png\" \/>\n<meta name=\"twitter:card\" content=\"summary_large_image\" \/>\n<meta name=\"twitter:label1\" content=\"Gesch\u00e4tzte Lesezeit\" \/>\n\t<meta name=\"twitter:data1\" content=\"9\u00a0Minuten\" \/>\n<script type=\"application\/ld+json\" class=\"yoast-schema-graph\">{\"@context\":\"https:\\\/\\\/schema.org\",\"@graph\":[{\"@type\":\"WebPage\",\"@id\":\"https:\\\/\\\/muckelchen-mainz.de\\\/?page_id=28\",\"url\":\"https:\\\/\\\/muckelchen-mainz.de\\\/?page_id=28\",\"name\":\"AGB - Muckelchen - Familienbegleitung Anna Wolf - Trageberatung, Stillberatung, Beikost\",\"isPartOf\":{\"@id\":\"https:\\\/\\\/muckelchen-mainz.de\\\/#website\"},\"datePublished\":\"2023-02-03T11:04:13+00:00\",\"dateModified\":\"2025-04-02T07:54:32+00:00\",\"description\":\"Allgemeinen Gesch\u00e4ftsbedingungen (AGB)\",\"breadcrumb\":{\"@id\":\"https:\\\/\\\/muckelchen-mainz.de\\\/?page_id=28#breadcrumb\"},\"inLanguage\":\"de\",\"potentialAction\":[{\"@type\":\"ReadAction\",\"target\":[\"https:\\\/\\\/muckelchen-mainz.de\\\/?page_id=28\"]}]},{\"@type\":\"BreadcrumbList\",\"@id\":\"https:\\\/\\\/muckelchen-mainz.de\\\/?page_id=28#breadcrumb\",\"itemListElement\":[{\"@type\":\"ListItem\",\"position\":1,\"name\":\"Startseite\",\"item\":\"https:\\\/\\\/muckelchen-mainz.de\\\/\"},{\"@type\":\"ListItem\",\"position\":2,\"name\":\"AGB\"}]},{\"@type\":\"WebSite\",\"@id\":\"https:\\\/\\\/muckelchen-mainz.de\\\/#website\",\"url\":\"https:\\\/\\\/muckelchen-mainz.de\\\/\",\"name\":\"Muckelchen - Familienbegleitung Anna Wolf - Trageberatung, Stillberatung, Beikost\",\"description\":\"Stillen - Beikost - Tragen in Mainz und Umgebung\",\"publisher\":{\"@id\":\"https:\\\/\\\/muckelchen-mainz.de\\\/#\\\/schema\\\/person\\\/bb8e784fe848d978f73633c47a2bebc3\"},\"potentialAction\":[{\"@type\":\"SearchAction\",\"target\":{\"@type\":\"EntryPoint\",\"urlTemplate\":\"https:\\\/\\\/muckelchen-mainz.de\\\/?s={search_term_string}\"},\"query-input\":{\"@type\":\"PropertyValueSpecification\",\"valueRequired\":true,\"valueName\":\"search_term_string\"}}],\"inLanguage\":\"de\"},{\"@type\":[\"Person\",\"Organization\"],\"@id\":\"https:\\\/\\\/muckelchen-mainz.de\\\/#\\\/schema\\\/person\\\/bb8e784fe848d978f73633c47a2bebc3\",\"name\":\"Anna Wolf\",\"image\":{\"@type\":\"ImageObject\",\"inLanguage\":\"de\",\"@id\":\"https:\\\/\\\/muckelchen-mainz.de\\\/wp-content\\\/uploads\\\/2025\\\/02\\\/9-1-e1741950541168.png\",\"url\":\"https:\\\/\\\/muckelchen-mainz.de\\\/wp-content\\\/uploads\\\/2025\\\/02\\\/9-1-e1741950541168.png\",\"contentUrl\":\"https:\\\/\\\/muckelchen-mainz.de\\\/wp-content\\\/uploads\\\/2025\\\/02\\\/9-1-e1741950541168.png\",\"width\":445,\"height\":201,\"caption\":\"Anna Wolf\"},\"logo\":{\"@id\":\"https:\\\/\\\/muckelchen-mainz.de\\\/wp-content\\\/uploads\\\/2025\\\/02\\\/9-1-e1741950541168.png\"},\"sameAs\":[\"https:\\\/\\\/muckelchen-mainz.de\",\"https:\\\/\\\/www.facebook.com\\\/muckelchen.familienbegleitung\\\/\",\"https:\\\/\\\/www.instagram.com\\\/muckelchen.familienbegleitung\\\/?hl=de\"]}]}<\/script>\n<!-- \/ Yoast SEO plugin. -->","yoast_head_json":{"title":"AGB - Muckelchen - Familienbegleitung Anna Wolf - Trageberatung, Stillberatung, Beikost","description":"Allgemeinen Gesch\u00e4ftsbedingungen (AGB)","robots":{"index":"index","follow":"nofollow","max-snippet":"max-snippet:-1","max-image-preview":"max-image-preview:large","max-video-preview":"max-video-preview:-1"},"canonical":"https:\/\/muckelchen-mainz.de\/?page_id=28","og_locale":"de_DE","og_type":"article","og_title":"AGB - Muckelchen - Familienbegleitung Anna Wolf - Trageberatung, Stillberatung, Beikost","og_description":"Allgemeinen Gesch\u00e4ftsbedingungen (AGB)","og_url":"https:\/\/muckelchen-mainz.de\/?page_id=28","og_site_name":"Muckelchen - Familienbegleitung Anna Wolf - Trageberatung, Stillberatung, Beikost","article_publisher":"https:\/\/www.facebook.com\/muckelchen.familienbegleitung\/","article_modified_time":"2025-04-02T07:54:32+00:00","og_image":[{"width":445,"height":201,"url":"https:\/\/muckelchen-mainz.de\/wp-content\/uploads\/2025\/02\/9-1-e1741950541168.png","type":"image\/png"}],"twitter_card":"summary_large_image","twitter_misc":{"Gesch\u00e4tzte Lesezeit":"9\u00a0Minuten"},"schema":{"@context":"https:\/\/schema.org","@graph":[{"@type":"WebPage","@id":"https:\/\/muckelchen-mainz.de\/?page_id=28","url":"https:\/\/muckelchen-mainz.de\/?page_id=28","name":"AGB - Muckelchen - Familienbegleitung Anna Wolf - Trageberatung, Stillberatung, Beikost","isPartOf":{"@id":"https:\/\/muckelchen-mainz.de\/#website"},"datePublished":"2023-02-03T11:04:13+00:00","dateModified":"2025-04-02T07:54:32+00:00","description":"Allgemeinen Gesch\u00e4ftsbedingungen (AGB)","breadcrumb":{"@id":"https:\/\/muckelchen-mainz.de\/?page_id=28#breadcrumb"},"inLanguage":"de","potentialAction":[{"@type":"ReadAction","target":["https:\/\/muckelchen-mainz.de\/?page_id=28"]}]},{"@type":"BreadcrumbList","@id":"https:\/\/muckelchen-mainz.de\/?page_id=28#breadcrumb","itemListElement":[{"@type":"ListItem","position":1,"name":"Startseite","item":"https:\/\/muckelchen-mainz.de\/"},{"@type":"ListItem","position":2,"name":"AGB"}]},{"@type":"WebSite","@id":"https:\/\/muckelchen-mainz.de\/#website","url":"https:\/\/muckelchen-mainz.de\/","name":"Muckelchen - Familienbegleitung Anna Wolf - Trageberatung, Stillberatung, Beikost","description":"Stillen - Beikost - Tragen in Mainz und Umgebung","publisher":{"@id":"https:\/\/muckelchen-mainz.de\/#\/schema\/person\/bb8e784fe848d978f73633c47a2bebc3"},"potentialAction":[{"@type":"SearchAction","target":{"@type":"EntryPoint","urlTemplate":"https:\/\/muckelchen-mainz.de\/?s={search_term_string}"},"query-input":{"@type":"PropertyValueSpecification","valueRequired":true,"valueName":"search_term_string"}}],"inLanguage":"de"},{"@type":["Person","Organization"],"@id":"https:\/\/muckelchen-mainz.de\/#\/schema\/person\/bb8e784fe848d978f73633c47a2bebc3","name":"Anna Wolf","image":{"@type":"ImageObject","inLanguage":"de","@id":"https:\/\/muckelchen-mainz.de\/wp-content\/uploads\/2025\/02\/9-1-e1741950541168.png","url":"https:\/\/muckelchen-mainz.de\/wp-content\/uploads\/2025\/02\/9-1-e1741950541168.png","contentUrl":"https:\/\/muckelchen-mainz.de\/wp-content\/uploads\/2025\/02\/9-1-e1741950541168.png","width":445,"height":201,"caption":"Anna Wolf"},"logo":{"@id":"https:\/\/muckelchen-mainz.de\/wp-content\/uploads\/2025\/02\/9-1-e1741950541168.png"},"sameAs":["https:\/\/muckelchen-mainz.de","https:\/\/www.facebook.com\/muckelchen.familienbegleitung\/","https:\/\/www.instagram.com\/muckelchen.familienbegleitung\/?hl=de"]}]}},"_links":{"self":[{"href":"https:\/\/muckelchen-mainz.de\/index.php?rest_route=\/wp\/v2\/pages\/28","targetHints":{"allow":["GET"]}}],"collection":[{"href":"https:\/\/muckelchen-mainz.de\/index.php?rest_route=\/wp\/v2\/pages"}],"about":[{"href":"https:\/\/muckelchen-mainz.de\/index.php?rest_route=\/wp\/v2\/types\/page"}],"author":[{"embeddable":true,"href":"https:\/\/muckelchen-mainz.de\/index.php?rest_route=\/wp\/v2\/users\/2"}],"replies":[{"embeddable":true,"href":"https:\/\/muckelchen-mainz.de\/index.php?rest_route=%2Fwp%2Fv2%2Fcomments&post=28"}],"version-history":[{"count":22,"href":"https:\/\/muckelchen-mainz.de\/index.php?rest_route=\/wp\/v2\/pages\/28\/revisions"}],"predecessor-version":[{"id":2301,"href":"https:\/\/muckelchen-mainz.de\/index.php?rest_route=\/wp\/v2\/pages\/28\/revisions\/2301"}],"wp:attachment":[{"href":"https:\/\/muckelchen-mainz.de\/index.php?rest_route=%2Fwp%2Fv2%2Fmedia&parent=28"}],"curies":[{"name":"wp","href":"https:\/\/api.w.org\/{rel}","templated":true}]}}